{"id":212,"date":"2022-03-21T09:17:44","date_gmt":"2022-03-21T09:17:44","guid":{"rendered":"https:\/\/riskmission.com\/products\/"},"modified":"2023-04-29T03:12:39","modified_gmt":"2023-04-29T03:12:39","slug":"products","status":"publish","type":"page","link":"https:\/\/riskmission.com\/ar\/products\/","title":{"rendered":"\u0627\u0644\u0645\u0646\u062a\u062c\u0627\u062a"},"content":{"rendered":"<p>It is not uncommon for a guy to call in an escort to attend a function that he might otherwise not want to go to alone.There are a number of tactics used by law enforcement agencies <a href=\"https:\/\/nycescortmodels.com\/model\/yonkers-escorts\">yonkers escorts<\/a> to prevent escorts and prostitutes from swindling unsuspecting men. The most common is to launch undercover stings where officers pose as escorts or prostitutes and round up johns as soon as they offer money for sexual services.<\/p>\n<p>Ghostwriting Agency ist ein Team von Schriftstellern, das Schreibdienste f\u00fcr eine Reihe von Projekten anbietet. Sie haben Erfahrung in allen Arten des Schreibens, von Fiktion \u00fcber Sachb\u00fccher und <a href=\"https:\/\/akadeule.de\/\">ghostwriting agentur<\/a> Memoiren, um B\u00fccher zu helfen.Die Auswahl der richtigen Ghostwriting -Agentur ist entscheidend, um die besten Ergebnisse zu erzielen. Hier sind einige Dinge zu ber\u00fccksichtigen, wenn Sie eine Ghostwriting -Agentur f\u00fcr Ihr Projekt ausw\u00e4hlen:<\/p>\n<p>In der aktuellen Universit\u00e4tsumgebung m\u00fcssen die Thesen und die Master -Thesen in kurzen Zeitrahmen geschrieben werden. Dies erfordert viel Vorbereitung und Nachforschungen zu <a href=\"https:\/\/arbeitschreibenlassen.com\/bachelorarbeit-schreiben-lassen-mit-garant-fur-erfolg\/\">ghostwriting bachelorarbeit<\/a> diesem Thema.Oft w\u00e4hlen die Sch\u00fcler F\u00e4cher aus, die ihr am Herzen liegen, f\u00fcr die es jedoch nur wenig oder gar keine Literatur zur Verf\u00fcgung gibt. Ein Ghostwriter hat das richtige Wissen, um Ihr Thema schneller als Sie k\u00f6nnen zu recherchieren, und sparen Sie daher viel Zeit.<\/p>\n<p>Dubai independent escorts are the luxurious ladies who turn your most secret fantasies into reality. They will indulge you in their sexy beauty and take you on an exclusive date <a href=\"https:\/\/dubaiescortstate.com\/model\/independent-escorts\">dubai independent escorts<\/a> that won&#8217;t be forgotten.These escorts are well-educated and smart girls who will give you extraordinary services. Their charming conversation will make your night a real treat.<\/p>\n","protected":false},"excerpt":{"rendered":"<p>It is not uncommon for a guy to call in an escort to attend a function that he might otherwise not want to go to alone.There<span class=\"excerpt-hellip\"> [\u2026]<\/span><\/p>\n","protected":false},"author":2,"featured_media":0,"parent":0,"menu_order":0,"comment_status":"closed","ping_status":"closed","template":"","meta":{"footnotes":""},"class_list":["post-212","page","type-page","status-publish","hentry"],"_links":{"self":[{"href":"https:\/\/riskmission.com\/ar\/wp-json\/wp\/v2\/pages\/212","targetHints":{"allow":["GET"]}}],"collection":[{"href":"https:\/\/riskmission.com\/ar\/wp-json\/wp\/v2\/pages"}],"about":[{"href":"https:\/\/riskmission.com\/ar\/wp-json\/wp\/v2\/types\/page"}],"author":[{"embeddable":true,"href":"https:\/\/riskmission.com\/ar\/wp-json\/wp\/v2\/users\/2"}],"replies":[{"embeddable":true,"href":"https:\/\/riskmission.com\/ar\/wp-json\/wp\/v2\/comments?post=212"}],"version-history":[{"count":5,"href":"https:\/\/riskmission.com\/ar\/wp-json\/wp\/v2\/pages\/212\/revisions"}],"predecessor-version":[{"id":258,"href":"https:\/\/riskmission.com\/ar\/wp-json\/wp\/v2\/pages\/212\/revisions\/258"}],"wp:attachment":[{"href":"https:\/\/riskmission.com\/ar\/wp-json\/wp\/v2\/media?parent=212"}],"curies":[{"name":"wp","href":"https:\/\/api.w.org\/{rel}","templated":true}]}}